{"id":836,"date":"2023-05-21T10:37:19","date_gmt":"2023-05-21T08:37:19","guid":{"rendered":"https:\/\/dehag.com\/pompa-a-getto-dacqua-tipo-602\/"},"modified":"2024-06-24T11:38:16","modified_gmt":"2024-06-24T09:38:16","slug":"pompa-a-getto-dacqua-tipo-602","status":"publish","type":"page","link":"https:\/\/dehag.com\/it\/pompe-a-getto-dacqua\/pompa-a-getto-dacqua-tipo-602\/","title":{"rendered":"Pompa a getto d\u2019acqua tipo 602"},"content":{"rendered":"<div class=\"content-grid-wsp\">\n<div class=\"content-pic\"><img loading=\"lazy\" decoding=\"async\" src=\"http:\/\/dehag.com\/wp-content\/uploads\/2024\/02\/Wasserstrahlpumpen_TYP602-1024x739.jpg\" alt=\"\" width=\"560\" height=\"404\" class=\"alignleft size-large wp-image-3333 zoooom\"><\/div>\n<div class=\"zusatztitel\">Pompa a getto d&#8217;acqua <span class=\"typ\">tipo 602<\/span><\/div>\n<div class=\"wsp-txt\">\n<p>Pompa a getto d&#8217;acqua per rubinetti con tubo di scarico a torsione ondulata<\/p>\n<p>&gt; Ottone, nichelato<br \/>\n&gt; In opzione con valvola di non ritorno (+R\u00fc)<\/p>\n<p>La pompa a getto d&#8217;acqua tipo 602 \u00e8 collegata al rubinetto dell&#8217;acqua con un tubo flessibile, che \u00e8 collegato al tubo di mandata e alla pompa a getto d&#8217;acqua tramite una fascetta stringitubo.<\/p>\n<p><a href=\"https:\/\/dehag.com\/wp-content\/uploads\/2024\/06\/DEHAG_WSP_602_ital.pdf\" target=\"_blank\" rel=\"noopener\">Scheda prodotto<\/a><\/p>\n<\/div>\n<\/div>\n","protected":false},"excerpt":{"rendered":"<p>Pompa a getto d&#8217;acqua tipo 602 Pompa a getto d&#8217;acqua per rubinetti con tubo di scarico a torsione ondulata &gt; Ottone, nichelato &gt; In opzione con valvola di non ritorno (+R\u00fc) La pompa a getto d&#8217;acqua tipo 602 \u00e8 collegata al rubinetto dell&#8217;acqua con un tubo flessibile, che \u00e8 collegato al tubo di mandata e alla pompa a getto d&#8217;acqua tramite una fascetta stringitubo. Scheda prodotto<\/p>\n","protected":false},"author":1,"featured_media":0,"parent":760,"menu_order":0,"comment_status":"closed","ping_status":"closed","template":"","meta":{"_seopress_robots_primary_cat":"","_seopress_titles_title":"","_seopress_titles_desc":"","_seopress_robots_index":"","footnotes":""},"_links":{"self":[{"href":"https:\/\/dehag.com\/it\/wp-json\/wp\/v2\/pages\/836"}],"collection":[{"href":"https:\/\/dehag.com\/it\/wp-json\/wp\/v2\/pages"}],"about":[{"href":"https:\/\/dehag.com\/it\/wp-json\/wp\/v2\/types\/page"}],"author":[{"embeddable":true,"href":"https:\/\/dehag.com\/it\/wp-json\/wp\/v2\/users\/1"}],"replies":[{"embeddable":true,"href":"https:\/\/dehag.com\/it\/wp-json\/wp\/v2\/comments?post=836"}],"version-history":[{"count":18,"href":"https:\/\/dehag.com\/it\/wp-json\/wp\/v2\/pages\/836\/revisions"}],"predecessor-version":[{"id":4136,"href":"https:\/\/dehag.com\/it\/wp-json\/wp\/v2\/pages\/836\/revisions\/4136"}],"up":[{"embeddable":true,"href":"https:\/\/dehag.com\/it\/wp-json\/wp\/v2\/pages\/760"}],"wp:attachment":[{"href":"https:\/\/dehag.com\/it\/wp-json\/wp\/v2\/media?parent=836"}],"curies":[{"name":"wp","href":"https:\/\/api.w.org\/{rel}","templated":true}]}}