{"id":455,"date":"2023-05-10T14:12:52","date_gmt":"2023-05-10T12:12:52","guid":{"rendered":"https:\/\/dehag.com\/?page_id=455"},"modified":"2023-06-27T18:26:21","modified_gmt":"2023-06-27T16:26:21","slug":"contenuto-led-tipo-803","status":"publish","type":"page","link":"https:\/\/dehag.com\/it\/occhiali-led-per-il-nistagmo\/contenuto-led-tipo-803\/","title":{"rendered":"Contenuto &#8211; LED tipo 803"},"content":{"rendered":"<p>Tecnologia all&#8217;avanguardia.<br \/>\nI nostri affidabili e professionali occhiali da nistagmo a LED tipo 803 per esami di breve durata, in uso mobile con:<\/p>\n<ul>\n<li>Illuminazione a LED<\/li>\n<li>illuminazione diffusa<\/li>\n<li>Regolazione continua della luminosit\u00e0<\/li>\n<li>Funzione timer<\/li>\n<li>Interruttore automatico di accensione\/spegnimento (disattivabile)<\/li>\n<li>Lenti rivestite<\/li>\n<\/ul>\n<p><!-- Lieferumfang --><br \/>\n<strong>La fornitura degli occhiali LED per nistagmo comprende:<\/strong><\/p>\n<div class=\"prod-grid\">\n<div class=\"prod-pic\"><img loading=\"lazy\" decoding=\"async\" class=\"alignleft wp-image-464 size-medium\" src=\"https:\/\/dehag.com\/wp-content\/uploads\/2023\/05\/803_LED-Nystagmusbrille-300x300.jpg\" alt=\"\" width=\"300\" height=\"300\" srcset=\"https:\/\/dehag.com\/wp-content\/uploads\/2023\/05\/803_LED-Nystagmusbrille-300x300.jpg 300w, https:\/\/dehag.com\/wp-content\/uploads\/2023\/05\/803_LED-Nystagmusbrille-1024x1024.jpg 1024w, https:\/\/dehag.com\/wp-content\/uploads\/2023\/05\/803_LED-Nystagmusbrille-150x150.jpg 150w, https:\/\/dehag.com\/wp-content\/uploads\/2023\/05\/803_LED-Nystagmusbrille-768x768.jpg 768w, https:\/\/dehag.com\/wp-content\/uploads\/2023\/05\/803_LED-Nystagmusbrille-1536x1536.jpg 1536w, https:\/\/dehag.com\/wp-content\/uploads\/2023\/05\/803_LED-Nystagmusbrille-2048x2048.jpg 2048w, https:\/\/dehag.com\/wp-content\/uploads\/2023\/05\/803_LED-Nystagmusbrille-1200x1200.jpg 1200w, https:\/\/dehag.com\/wp-content\/uploads\/2023\/05\/803_LED-Nystagmusbrille-600x600.jpg 600w\" sizes=\"(max-width: 300px) 100vw, 300px\" \/><\/div>\n<div class=\"prod-txt\">1x Occhiali LED per nistagmo tipo 803 con stabilit\u00e0 e qualit\u00e0 costruttiva migliorate. Oltre alle caratteristiche dei singoli prodotti, l&#8217;illuminazione anulare a LED fornisce una luce omogenea e diffusa.<\/div>\n<\/div>\n<p><!-- Produktdetails --><\/p>\n<p>Con i nuovi occhiali per nistagmo a LED, offriamo una versione migliorata dei nostri collaudati occhiali per nistagmo, secondo il Prof. Frenzel. Il modello 803 \u00e8 utilizzato per esami luminosi di breve durata, in mobilit\u00e0.<\/p>\n<p>L&#8217;esame luminescente vero e proprio si svolge in una stanza buia o fortemente oscurata. L&#8217;illuminazione interna degli occhiali interrompe il contatto ottico del paziente con l&#8217;ambiente circostante (eliminazione della fissazione che inibisce il nistagmo). L&#8217;illuminazione dei nuovi occhiali a LED per nistagmo \u00e8 fornita da diodi disposti in cerchio dietro una piastra luminosa, che producono una luce diffusa con luminosit\u00e0 regolabile senza punti luminosi fissi che potrebbero compromettere il risultato dell&#8217;esame.<\/p>\n<p>Nelle versioni a batteria degli occhiali da nistagmo a LED, la funzione timer facilita l&#8217;osservazione delle deviazioni entro un determinato periodo di tempo (30, 60 o 90 secondi). Inoltre, gli occhiali da nistagmo a LED spengono l&#8217;illuminazione un minuto dopo lo scadere del timer; riprendendo gli occhiali da nistagmo a LED si accendono automaticamente. Questa funzione di risparmio energetico e l&#8217;indicatore di batteria scarica hanno lo scopo di garantire la costante disponibilit\u00e0 degli occhiali da nistagmo a LED. La funzione di accensione e spegnimento automatico pu\u00f2 essere disattivata se non si desidera.<\/p>\n<p>Questo modello consente di lavorare senza fili e pu\u00f2 essere utilizzato indipendentemente dalla rete elettrica. L&#8217;alimentazione degli occhiali da nistagmo \u00e8 fornita dall&#8217;impugnatura regolabile per le batterie, che \u00e8 montata saldamente sulla parte superiore e serve a contenere tre batterie LR14\/AM-2 di dimensioni C (baby cell) da 1,5 volt ciascuna. (Le batterie non sono incluse nella fornitura!).<\/p>\n<p><strong>Viste in dettaglio<\/strong><\/p>\n<div class=\"prod-grid\">\n<div class=\"prod-pic\"><img loading=\"lazy\" decoding=\"async\" class=\"alignleft wp-image-467 size-medium\" src=\"https:\/\/dehag.com\/wp-content\/uploads\/2023\/05\/803_Detail_Steuerkopf_schwarz--300x300.jpg\" alt=\"\" width=\"300\" height=\"300\" srcset=\"https:\/\/dehag.com\/wp-content\/uploads\/2023\/05\/803_Detail_Steuerkopf_schwarz--300x300.jpg 300w, https:\/\/dehag.com\/wp-content\/uploads\/2023\/05\/803_Detail_Steuerkopf_schwarz--1024x1024.jpg 1024w, https:\/\/dehag.com\/wp-content\/uploads\/2023\/05\/803_Detail_Steuerkopf_schwarz--150x150.jpg 150w, https:\/\/dehag.com\/wp-content\/uploads\/2023\/05\/803_Detail_Steuerkopf_schwarz--768x768.jpg 768w, https:\/\/dehag.com\/wp-content\/uploads\/2023\/05\/803_Detail_Steuerkopf_schwarz--1536x1536.jpg 1536w, https:\/\/dehag.com\/wp-content\/uploads\/2023\/05\/803_Detail_Steuerkopf_schwarz--2048x2048.jpg 2048w, https:\/\/dehag.com\/wp-content\/uploads\/2023\/05\/803_Detail_Steuerkopf_schwarz--1200x1200.jpg 1200w, https:\/\/dehag.com\/wp-content\/uploads\/2023\/05\/803_Detail_Steuerkopf_schwarz--600x600.jpg 600w\" sizes=\"(max-width: 300px) 100vw, 300px\" \/><\/div>\n<div class=\"prod-txt\"><strong>Testa di controllo<\/strong><br \/>\nGrazie all&#8217;interruttore rotante, gli occhiali da nistagmo a LED possono essere accesi o spenti e la luminosit\u00e0 pu\u00f2 essere regolata allo stesso tempo. Accanto alla regolazione della luminosit\u00e0 si trova il pulsante di accensione della funzione timer.<\/div>\n<\/div>\n<div class=\"prod-grid\">\n<div class=\"prod-pic\"><img loading=\"lazy\" decoding=\"async\" class=\"alignleft wp-image-470 size-medium\" src=\"https:\/\/dehag.com\/wp-content\/uploads\/2023\/05\/803_Detail_Dioden_schwarz-300x300.jpg\" alt=\"\" width=\"300\" height=\"300\" srcset=\"https:\/\/dehag.com\/wp-content\/uploads\/2023\/05\/803_Detail_Dioden_schwarz-300x300.jpg 300w, https:\/\/dehag.com\/wp-content\/uploads\/2023\/05\/803_Detail_Dioden_schwarz-1024x1024.jpg 1024w, https:\/\/dehag.com\/wp-content\/uploads\/2023\/05\/803_Detail_Dioden_schwarz-150x150.jpg 150w, https:\/\/dehag.com\/wp-content\/uploads\/2023\/05\/803_Detail_Dioden_schwarz-768x768.jpg 768w, https:\/\/dehag.com\/wp-content\/uploads\/2023\/05\/803_Detail_Dioden_schwarz-1536x1536.jpg 1536w, https:\/\/dehag.com\/wp-content\/uploads\/2023\/05\/803_Detail_Dioden_schwarz-2048x2048.jpg 2048w, https:\/\/dehag.com\/wp-content\/uploads\/2023\/05\/803_Detail_Dioden_schwarz-1200x1200.jpg 1200w, https:\/\/dehag.com\/wp-content\/uploads\/2023\/05\/803_Detail_Dioden_schwarz-600x600.jpg 600w\" sizes=\"(max-width: 300px) 100vw, 300px\" \/><\/div>\n<div class=\"prod-txt\"><strong>Display del timer<br \/>\n<\/strong>Il diodo lampeggiante indica la scadenza della rispettiva unit\u00e0 di tempo.<\/div>\n<\/div>\n","protected":false},"excerpt":{"rendered":"<p>Tecnologia all&#8217;avanguardia. I nostri affidabili e professionali occhiali da nistagmo a LED tipo 803 per esami di breve durata, in uso mobile con: Illuminazione a LED illuminazione diffusa Regolazione continua della luminosit\u00e0 Funzione timer Interruttore automatico di accensione\/spegnimento (disattivabile) Lenti rivestite La fornitura degli occhiali LED per nistagmo comprende: 1x Occhiali LED per nistagmo tipo 803 con stabilit\u00e0 e qualit\u00e0 costruttiva migliorate. Oltre alle caratteristiche dei singoli prodotti, l&#8217;illuminazione anulare a LED fornisce una luce omogenea e diffusa. Con i nuovi occhiali per nistagmo a LED, offriamo una versione migliorata dei nostri collaudati occhiali per nistagmo, secondo il Prof. Frenzel. [&hellip;]<\/p>\n","protected":false},"author":1,"featured_media":0,"parent":331,"menu_order":0,"comment_status":"closed","ping_status":"closed","template":"","meta":{"_seopress_robots_primary_cat":"","_seopress_titles_title":"","_seopress_titles_desc":"","_seopress_robots_index":"","footnotes":""},"_links":{"self":[{"href":"https:\/\/dehag.com\/it\/wp-json\/wp\/v2\/pages\/455"}],"collection":[{"href":"https:\/\/dehag.com\/it\/wp-json\/wp\/v2\/pages"}],"about":[{"href":"https:\/\/dehag.com\/it\/wp-json\/wp\/v2\/types\/page"}],"author":[{"embeddable":true,"href":"https:\/\/dehag.com\/it\/wp-json\/wp\/v2\/users\/1"}],"replies":[{"embeddable":true,"href":"https:\/\/dehag.com\/it\/wp-json\/wp\/v2\/comments?post=455"}],"version-history":[{"count":9,"href":"https:\/\/dehag.com\/it\/wp-json\/wp\/v2\/pages\/455\/revisions"}],"predecessor-version":[{"id":2039,"href":"https:\/\/dehag.com\/it\/wp-json\/wp\/v2\/pages\/455\/revisions\/2039"}],"up":[{"embeddable":true,"href":"https:\/\/dehag.com\/it\/wp-json\/wp\/v2\/pages\/331"}],"wp:attachment":[{"href":"https:\/\/dehag.com\/it\/wp-json\/wp\/v2\/media?parent=455"}],"curies":[{"name":"wp","href":"https:\/\/api.w.org\/{rel}","templated":true}]}}