

{"id":3203,"date":"2024-02-25T17:17:49","date_gmt":"2024-02-25T16:17:49","guid":{"rendered":"https:\/\/dehag.com\/?page_id=3203"},"modified":"2025-07-14T13:44:05","modified_gmt":"2025-07-14T11:44:05","slug":"dehag-occhiali-per-il-nistagmo","status":"publish","type":"page","link":"https:\/\/dehag.com\/it\/","title":{"rendered":"DEHAG &#8211; Occhiali per il nistagmo"},"content":{"rendered":"<div class=\"new-site\">\n<div class=\"start-pic\">\n<div class=\"typewriter\">\n<\/p>\n<h1>OCCHIALI PER NISTAGMO<\/h1>\n<\/div>\n<div class=\"siegel\"><a href=\"http:\/\/dehag.com\/wp-content\/uploads\/2023\/02\/dehag_nr_1_in_europa.png\"><img loading=\"lazy\" decoding=\"async\" class=\"alignrleft size-full wp-image-3493 \" src=\"http:\/\/dehag.com\/wp-content\/uploads\/2024\/02\/dehag-siegel.nr-1.png\" alt=\"\" width=\"476\" height=\"509\"><\/a><\/div>\n<\/div>\n<div id=\"der-ort\">\n<div class=\"spezialist\">\n<h2>Siamo uno specialista di lunga data per i dispositivi medico-diagnostici di<br \/>\n.<\/h2>\n<\/div>\n<div class=\"spezi_txt\">Dal 1869 produciamo dispositivi diagnostici secondo i pi\u00f9 alti standard di qualit\u00e0 per rivenditori specializzati, medici e ospedali.<br \/>\nIl nostro portafoglio comprende occhiali per nistagmo, pompe a getto d&#8217;acqua, prodotti personalizzati e servizi completi. Su richiesta, saremo lieti di sviluppare con voi nuovi concetti e di implementarli tecnicamente.<\/div>\n<div class=\"spezi-pic\"><img loading=\"lazy\" decoding=\"async\" class=\"alignleft size-full wp-image-3485\" src=\"http:\/\/dehag.com\/wp-content\/uploads\/2024\/02\/dehag-standort-gebaeude.jpg\" alt=\"\" width=\"2400\" height=\"1063\"><\/div>\n<\/div>\n<div id=\"history\">\n<div class=\"history_title\">\n<h2>Un successo sul mercato dal 1869<\/h2>\n<\/div>\n<div class=\"history_pic\"><img loading=\"lazy\" decoding=\"async\" class=\"size-large wp-image-3464 aligncenter\" src=\"http:\/\/dehag.com\/wp-content\/uploads\/2024\/02\/dehag-chronik-1024x768.jpg\" alt=\"\" width=\"560\" height=\"420\"><img loading=\"lazy\" decoding=\"async\" class=\"size-large wp-image-3467 aligncenter\" src=\"http:\/\/dehag.com\/wp-content\/uploads\/2024\/02\/dehag-history-1024x768.jpg\" alt=\"\" width=\"560\" height=\"420\"><\/div>\n<div class=\"history_txt\">\n<div class=\"c-time\">1869<\/div>\n<div>Fondazione dell&#8217;officina di ingegneria ottica e di precisione di Florenz Sartorius.<\/div>\n<div class=\"c-time\">1903<\/div>\n<div>Acquisizione dell&#8217;azienda da parte di Louis Draeger.<\/div>\n<div class=\"c-time\">1920<\/div>\n<div>Il figlio Georg Draeger e il genero Friedrich Heerhorst entrano in azienda. Da qui il nome Dr\u00e4ger &amp; Heerhorst G\u00f6ttingen. Le iniziali dei cognomi e della citt\u00e0 si ritrovano ancora oggi nel nostro marchio\/logo aziendale.<br \/>\n.<\/div>\n<div class=\"c-time\">1955<\/div>\n<div>Conversione dell&#8217;azienda in una societ\u00e0 in accomandita semplice, che si distingue a livello mondiale per la produzione e la vendita di dispositivi e strumenti medici. In questo periodo vengono sviluppati gli occhiali per il nistagmo in collaborazione con il professor Hermann Frenzel.<\/div>\n<div class=\"c-time\">2002<\/div>\n<div>Rilevamento dell&#8217;azienda da parte dei dipendenti di lunga data Kai Uwe Lach e Karl-Wilhelm Koch. L&#8217;azienda continua ad operare con il nome di DEHAG Medizin-Technische Produktions GmbH &amp; Co. KG.<br \/>\nDopo il pensionamento di Karl-Wilhelm Koch (2005), l&#8217;azienda si \u00e8 trasferita nell&#8217;attuale stabilimento produttivo di Rosdorf nel gennaio 2008.<\/div>\n<\/div>\n<\/div>\n<div id=\"service\">\n<div class=\"service_us\">\n<h2>Servizi<\/h2>\n<p> <span style=\"margin-right: 10px;\"><i class=\"fas fa-phone\"><\/i> <a href=\"tel:+4955132519\">0551\/ 3 25 19<\/a><\/span> <i class=\"far fa-envelope\"><\/i> <a href=\"mailto:info@dehag.com\">info@dehag.com<\/a><\/p>\n<\/div>\n<div class=\"service_gar\">\n<p><img loading=\"lazy\" decoding=\"async\" class=\"size-large wp-image-3444 aligncenter\" src=\"http:\/\/dehag.com\/wp-content\/uploads\/2024\/02\/dehag-service-garantie-1024x555.jpg\" alt=\"\" width=\"560\" height=\"304\"><\/p>\n<h3>Garanzia<\/h3>\n<p>Se un apparecchio nuovo o relativamente nuovo presenta difetti, malfunzionamenti o altri guasti, si tratta spesso di un caso di garanzia. L&#8217;accordo pu\u00f2 quindi richiedere molto tempo ed essere complicato. Per quanto riguarda la garanzia e il diritto di recesso, quali sono le richieste di rimborso, riparazione o sostituzione? Questi problemi sono spesso poco chiari: utilizza il nostro servizio di assistenza.<br \/>\nSe hai domande sulla garanzia, contatta il nostro <a href=\"mailto:\">servizio clienti<\/a>, saremo lieti di aiutarti.<\/p>\n<\/div>\n<div class=\"service_indi\">\n<p><img loading=\"lazy\" decoding=\"async\" class=\"size-large wp-image-3447 alignnone\" src=\"http:\/\/dehag.com\/wp-content\/uploads\/2024\/02\/dehag-service-individualanfertigung-1024x555.jpg\" alt=\"\" width=\"560\" height=\"304\"><\/p>\n<h3>Produzione individuale<\/h3>\n<p>Possiamo personalizzare i prodotti secondo i vostri desideri. Offriamo continuit\u00e0 e competenza affidabili per la produzione di piccole o grandi quantit\u00e0. Contattateci e vi mostreremo le singole possibilit\u00e0.<\/p>\n<\/div>\n<div class=\"service_rep\">\n<p><img loading=\"lazy\" decoding=\"async\" class=\"size-large wp-image-3450 alignnone\" src=\"http:\/\/dehag.com\/wp-content\/uploads\/2024\/02\/dehag-service-reparatur-1024x555.jpg\" alt=\"\" width=\"560\" height=\"304\"><\/p>\n<h3>Riparazione<\/h3>\n<p>Nonostante l&#8217;alta qualit\u00e0, pu\u00f2 accadere che un dispositivo medico si guasti o che singoli componenti si usurino. Per garantire che possiate continuare a svolgere la vostra attivit\u00e0 come sempre, il nostro servizio tecnico di assistenza clienti \u00e8 a vostra disposizione con un&#8217;assistenza completa, rapida e affidabile, in conformit\u00e0 a tutti i requisiti legali per la riparazione, la manutenzione e il collaudo. Offriamo tempi di risposta brevi, un elevato orientamento al cliente e sempre soluzioni tecnicamente ottimizzate ed economicamente pi\u00f9 vantaggiose.<br \/>\nQui puoi contattarci per tutti gli argomenti tecnici come manutenzione, riparazione, test:<br \/>\n0551\/ 3 25 19<br \/>\ninfo@dehag.com<\/p>\n<\/div>\n<\/div>\n<div id=\"contact\">\n<div class=\"contact_title\">\n<h3>Non esitate a contattarci per saperne di pi\u00f9 sui nostri prodotti.<\/h3>\n<\/div>\n<div class=\"contact_pic\"><img loading=\"lazy\" decoding=\"async\" class=\"alignleft size-large wp-image-3434 dehag-chef\" src=\"http:\/\/dehag.com\/wp-content\/uploads\/2024\/02\/dehag_Geschaeftsfuehrer-1024x625.jpg\" alt=\"\" width=\"560\" height=\"342\"><\/div>\n<div class=\"contact_txt\">In qualit\u00e0 di partner di fiducia nel settore sanitario, lavoriamo a stretto contatto con i nostri clienti e ci impegniamo a fornire il miglior supporto possibile. Kai Uwe Lach e Kai-Uwe Bergen sono i vostri referenti per le vendite e l&#8217;assistenza.<\/div>\n<\/div>\n<div id=\"adresse\">\n<div class=\"adresse_txt\">DEHAG<br \/>\nMedizin-Technische Produktion<br \/>\nHinter dem Hamberge 24, 37124 Rosdorf<br \/>\nTel: 0551 \/ 32519, Fax: 0551 \/ 376106<br \/>\nEmail:info@dehag.com<\/div>\n<div class=\"map-div\">\n\n\t\t\t\t<div id=\"map_ol3js_1\" class=\"map undefined\" data-map_name=\"undefined\" data-map=\"map_ol3js_1\" style=\"width:80%; max-width:100%; height:500px; display:block; overflow:hidden;border:2px solid grey;\" >\n\t\t\t\t  <div id=\"map_ol3js_1_popup\" class=\"ol-popup\" >\n\t\t\t\t\t<a href=\"#\" id=\"map_ol3js_1_popup-closer\" class=\"ol-popup-closer\"><\/a>\n\t\t\t\t\t<div id=\"map_ol3js_1_popup-content\" ><\/div>\n\t\t\t\t  <\/div>\n\t\t\t\t<\/div>\n\t\t\t\n\n\t\t\t\t<script type=\"text\/javascript\">\n\t\t\t\t\ttranslations['openlayer'] = \"open layer\";\n\t\t\t\t\ttranslations['openlayerAtStartup'] = \"open layer at startup\";\n\t\t\t\t\ttranslations['generateLink'] = \"link to this map with opened layers\";\n\t\t\t\t\ttranslations['shortDescription'] = \"short description\";\n\t\t\t\t\ttranslations['generatedShortCode'] = \"to get a text control link paste this code in your wordpress editor\";\n\t\t\t\t\ttranslations['closeLayer'] = \"close layer\";\n\t\t\t\t\ttranslations['cantGenerateLink'] = \"put this string in the existing map short code to control this map\";\n\t\t\t  <\/script>\n\n\n\t\t\t  <script type=\"text\/javascript\">\n\t\t\t  vectorM['map_ol3js_1'] = [];\n\t        \n        var raster = getTileLayer(\"osm\",\"NoKey\");\t\t\t\n\n\t\t\t  var map_ol3js_1 = new ol.Map({\n\t\t\t\tinteractions: ol.interaction.defaults.defaults({mouseWheelZoom:false}),\n\t\t\t\tlayers: [raster],\n\t\t\t\ttarget: \"map_ol3js_1\",\n\t\t\t\tview: new ol.View({\n\t\t\t\t  center: ol.proj.transform([9.8982,51.5152], \"EPSG:4326\", \"EPSG:3857\"),\n\t\t\t\t  zoom: 14.0\n\t\t\t\t})\n\t\t\t  });\n\t\t\t  addControls2Map(map_ol3js_1,0,0,3,0,5,6,7,0,1);\nosm_addPopupClickhandler(map_ol3js_1,  \"map_ol3js_1\"); \nosm_addMouseHover(map_ol3js_1); <\/script><\/div>\n<\/div>\n<\/div>\n","protected":false},"excerpt":{"rendered":"<p>OCCHIALI PER NISTAGMO Siamo uno specialista di lunga data per i dispositivi medico-diagnostici di . Dal 1869 produciamo dispositivi diagnostici secondo i pi\u00f9 alti standard di qualit\u00e0 per rivenditori specializzati, medici e ospedali. Il nostro portafoglio comprende occhiali per nistagmo, pompe a getto d&#8217;acqua, prodotti personalizzati e servizi completi. Su richiesta, saremo lieti di sviluppare con voi nuovi concetti e di implementarli tecnicamente. Un successo sul mercato dal 1869 1869 Fondazione dell&#8217;officina di ingegneria ottica e di precisione di Florenz Sartorius. 1903 Acquisizione dell&#8217;azienda da parte di Louis Draeger. 1920 Il figlio Georg Draeger e il genero Friedrich Heerhorst entrano [&hellip;]<\/p>\n","protected":false},"author":1,"featured_media":0,"parent":0,"menu_order":0,"comment_status":"closed","ping_status":"closed","template":"","meta":{"_seopress_robots_primary_cat":"","_seopress_titles_title":"","_seopress_titles_desc":"","_seopress_robots_index":"","footnotes":""},"_links":{"self":[{"href":"https:\/\/dehag.com\/it\/wp-json\/wp\/v2\/pages\/3203"}],"collection":[{"href":"https:\/\/dehag.com\/it\/wp-json\/wp\/v2\/pages"}],"about":[{"href":"https:\/\/dehag.com\/it\/wp-json\/wp\/v2\/types\/page"}],"author":[{"embeddable":true,"href":"https:\/\/dehag.com\/it\/wp-json\/wp\/v2\/users\/1"}],"replies":[{"embeddable":true,"href":"https:\/\/dehag.com\/it\/wp-json\/wp\/v2\/comments?post=3203"}],"version-history":[{"count":11,"href":"https:\/\/dehag.com\/it\/wp-json\/wp\/v2\/pages\/3203\/revisions"}],"predecessor-version":[{"id":4154,"href":"https:\/\/dehag.com\/it\/wp-json\/wp\/v2\/pages\/3203\/revisions\/4154"}],"wp:attachment":[{"href":"https:\/\/dehag.com\/it\/wp-json\/wp\/v2\/media?parent=3203"}],"curies":[{"name":"wp","href":"https:\/\/api.w.org\/{rel}","templated":true}]}}