

{"id":1616,"date":"2023-06-12T11:16:40","date_gmt":"2023-06-12T09:16:40","guid":{"rendered":"https:\/\/dehag.com\/chi-siamo\/"},"modified":"2023-06-27T14:15:24","modified_gmt":"2023-06-27T12:15:24","slug":"chi-siamo","status":"publish","type":"page","link":"https:\/\/dehag.com\/it\/chi-siamo\/","title":{"rendered":"Chi siamo"},"content":{"rendered":"<div class=\"content-grid\">\n<div class=\"content-pic uu-map\"><img loading=\"lazy\" decoding=\"async\" src=\"https:\/\/dehag.com\/wp-content\/uploads\/2023\/06\/dehag-gebaude.jpg\" alt=\"\" width=\"2400\" height=\"1800\" class=\"alignleft size-full wp-image-1810\" srcset=\"https:\/\/dehag.com\/wp-content\/uploads\/2023\/06\/dehag-gebaude.jpg 2400w, https:\/\/dehag.com\/wp-content\/uploads\/2023\/06\/dehag-gebaude-300x225.jpg 300w, https:\/\/dehag.com\/wp-content\/uploads\/2023\/06\/dehag-gebaude-1024x768.jpg 1024w, https:\/\/dehag.com\/wp-content\/uploads\/2023\/06\/dehag-gebaude-768x576.jpg 768w, https:\/\/dehag.com\/wp-content\/uploads\/2023\/06\/dehag-gebaude-1536x1152.jpg 1536w, https:\/\/dehag.com\/wp-content\/uploads\/2023\/06\/dehag-gebaude-2048x1536.jpg 2048w, https:\/\/dehag.com\/wp-content\/uploads\/2023\/06\/dehag-gebaude-1200x900.jpg 1200w, https:\/\/dehag.com\/wp-content\/uploads\/2023\/06\/dehag-gebaude-600x450.jpg 600w\" sizes=\"(max-width: 2400px) 100vw, 2400px\" \/><br \/>\n\n\n\t\t\t\t<div id=\"map_ol3js_1\" class=\"map undefined\" data-map_name=\"undefined\" data-map=\"map_ol3js_1\" style=\"width:100%; max-width:100%; height:450px; display:block; overflow:hidden;border:2px solid grey;\" >\n\t\t\t\t  <div id=\"map_ol3js_1_popup\" class=\"ol-popup\" >\n\t\t\t\t\t<a href=\"#\" id=\"map_ol3js_1_popup-closer\" class=\"ol-popup-closer\"><\/a>\n\t\t\t\t\t<div id=\"map_ol3js_1_popup-content\" ><\/div>\n\t\t\t\t  <\/div>\n\t\t\t\t<\/div>\n\t\t\t\n\n\t\t\t\t<script type=\"text\/javascript\">\n\t\t\t\t\ttranslations['openlayer'] = \"open layer\";\n\t\t\t\t\ttranslations['openlayerAtStartup'] = \"open layer at startup\";\n\t\t\t\t\ttranslations['generateLink'] = \"link to this map with opened layers\";\n\t\t\t\t\ttranslations['shortDescription'] = \"short description\";\n\t\t\t\t\ttranslations['generatedShortCode'] = \"to get a text control link paste this code in your wordpress editor\";\n\t\t\t\t\ttranslations['closeLayer'] = \"close layer\";\n\t\t\t\t\ttranslations['cantGenerateLink'] = \"put this string in the existing map short code to control this map\";\n\t\t\t  <\/script>\n\n\n\t\t\t  <script type=\"text\/javascript\">\n\t\t\t  vectorM['map_ol3js_1'] = [];\n\t        \n        var raster = getTileLayer(\"osm\",\"NoKey\");\t\t\t\n\n\t\t\t  var map_ol3js_1 = new ol.Map({\n\t\t\t\tinteractions: ol.interaction.defaults.defaults({mouseWheelZoom:false}),\n\t\t\t\tlayers: [raster],\n\t\t\t\ttarget: \"map_ol3js_1\",\n\t\t\t\tview: new ol.View({\n\t\t\t\t  center: ol.proj.transform([9.8982,51.5143], \"EPSG:4326\", \"EPSG:3857\"),\n\t\t\t\t  zoom: 16.1\n\t\t\t\t})\n\t\t\t  });\n\t\t\t  addControls2Map(map_ol3js_1,0,0,3,0,5,6,7,0,1);\nosm_addPopupClickhandler(map_ol3js_1,  \"map_ol3js_1\"); \nosm_addMouseHover(map_ol3js_1); <\/script><\/div>\n<div class=\"brillen-content\">\n<h1>Chi siamo<\/h1>\n<div id=\"ueberuns\">\n<div class=\"timeline\">\n<div class=\"year\">1869<\/div>\n<div class=\"event\">Fondazione del laboratorio di ottica e meccanica di precisione da parte di<br \/>\nFirenze Sartorius<\/div>\n<\/div>\n<div class=\"timeline\">\n<div class=\"year\">1903<\/div>\n<div class=\"event\">Acquisizione dell&#8217;azienda da parte di Louis Draeger.<\/div>\n<\/div>\n<div class=\"timeline\">\n<div class=\"year\">1920<\/div>\n<div class=\"event\">Il figlio Georg Draeger e il genero Friedrich Heerhorst entrano in azienda. Da qui il nome Dr\u00e4ger &amp; Heerhorst G\u00f6ttingen. Le iniziali dei cognomi e della citt\u00e0 si ritrovano ancora oggi nel nostro marchio\/logo aziendale.<img loading=\"lazy\" decoding=\"async\" class=\"aligncenter wp-image-34\" src=\"https:\/\/dehag.com\/wp-content\/uploads\/2023\/02\/dehag-trans-300x158.png\" alt=\"\" width=\"200\" height=\"105\" srcset=\"https:\/\/dehag.com\/wp-content\/uploads\/2023\/02\/dehag-trans-300x158.png 300w, https:\/\/dehag.com\/wp-content\/uploads\/2023\/02\/dehag-trans.png 539w\" sizes=\"(max-width: 200px) 100vw, 200px\" \/><\/div>\n<\/div>\n<div class=\"timeline\">\n<div class=\"year\">1955<\/div>\n<div class=\"event\">Conversione dell&#8217;azienda in una societ\u00e0 in accomandita semplice che si fa conoscere in tutto il mondo per la produzione e la distribuzione di dispositivi e strumenti medici. In questo periodo vengono sviluppati gli occhiali per il nistagmo in collaborazione con il professor Hermann Frenzel.<\/div>\n<\/div>\n<div class=\"timeline\">\n<div class=\"year\">2002<\/div>\n<div class=\"event\">Rilevamento dell&#8217;azienda da parte dei dipendenti di lunga data Kai Uwe Lach e Karl-Wilhelm Koch. L&#8217;azienda prosegue con il nome di DEHAG Medizin-Technische Produktions Gmbh &amp; Co.KG. Dopo il pensionamento di Karl-Wilhelm Koch (2005), l&#8217;azienda si \u00e8 trasferita nell&#8217;attuale stabilimento di produzione di Rosdorf nel gennaio 2008.<\/div>\n<\/div>\n<\/div>\n<\/div>\n<\/div>\n","protected":false},"excerpt":{"rendered":"<p>Chi siamo 1869 Fondazione del laboratorio di ottica e meccanica di precisione da parte di Firenze Sartorius 1903 Acquisizione dell&#8217;azienda da parte di Louis Draeger. 1920 Il figlio Georg Draeger e il genero Friedrich Heerhorst entrano in azienda. Da qui il nome Dr\u00e4ger &amp; Heerhorst G\u00f6ttingen. Le iniziali dei cognomi e della citt\u00e0 si ritrovano ancora oggi nel nostro marchio\/logo aziendale. 1955 Conversione dell&#8217;azienda in una societ\u00e0 in accomandita semplice che si fa conoscere in tutto il mondo per la produzione e la distribuzione di dispositivi e strumenti medici. In questo periodo vengono sviluppati gli occhiali per il nistagmo in [&hellip;]<\/p>\n","protected":false},"author":1,"featured_media":0,"parent":0,"menu_order":0,"comment_status":"closed","ping_status":"closed","template":"","meta":{"_seopress_robots_primary_cat":"","_seopress_titles_title":"","_seopress_titles_desc":"","_seopress_robots_index":"","footnotes":""},"_links":{"self":[{"href":"https:\/\/dehag.com\/it\/wp-json\/wp\/v2\/pages\/1616"}],"collection":[{"href":"https:\/\/dehag.com\/it\/wp-json\/wp\/v2\/pages"}],"about":[{"href":"https:\/\/dehag.com\/it\/wp-json\/wp\/v2\/types\/page"}],"author":[{"embeddable":true,"href":"https:\/\/dehag.com\/it\/wp-json\/wp\/v2\/users\/1"}],"replies":[{"embeddable":true,"href":"https:\/\/dehag.com\/it\/wp-json\/wp\/v2\/comments?post=1616"}],"version-history":[{"count":8,"href":"https:\/\/dehag.com\/it\/wp-json\/wp\/v2\/pages\/1616\/revisions"}],"predecessor-version":[{"id":2014,"href":"https:\/\/dehag.com\/it\/wp-json\/wp\/v2\/pages\/1616\/revisions\/2014"}],"wp:attachment":[{"href":"https:\/\/dehag.com\/it\/wp-json\/wp\/v2\/media?parent=1616"}],"curies":[{"name":"wp","href":"https:\/\/api.w.org\/{rel}","templated":true}]}}