{"id":1406,"date":"2023-02-05T16:20:04","date_gmt":"2023-02-05T15:20:04","guid":{"rendered":"https:\/\/dehag.com\/informativa-sulla-privacy\/"},"modified":"2024-03-02T19:31:12","modified_gmt":"2024-03-02T18:31:12","slug":"informativa-sulla-privacy","status":"publish","type":"page","link":"https:\/\/dehag.com\/it\/informativa-sulla-privacy\/","title":{"rendered":"Informativa sulla privacy"},"content":{"rendered":"<h1>Informativa sulla privacy<\/h1>\n<p>Il sito web all&#8217;indirizzo www.dehag.com \u00e8 un&#8217;offerta della:<\/p>\n<p>DEHAG<br \/>\nMedizin-Technische Produktion GmbH &amp; Co. KG (di seguito:<br \/>\nDEHAG),<\/p>\n<p>Dietro l&#8217;Hamberge 24<br \/>\nD-37124 Rosdorf<\/p>\n<p>rappresentata dall&#8217;amministratore delegato Kai Uwe Lach.<\/p>\n<p>Email: <a href=\"mailto:info@dehag.com\">info@dehag.com,<\/a><br \/>\nTelefono: +49 (0)551 &#8211; 32519,<br \/>\nFax: +49 (0)551 &#8211; 376106.<\/p>\n<p>DEHAG apprezza la vostra visita al nostro sito web e il vostro interesse per la nostra azienda, i nostri prodotti e servizi.<\/p>\n<h2>1. La protezione dei dati in sintesi<\/h2>\n<h3>Note generali<\/h3>\n<p>Le seguenti note forniscono una semplice panoramica di ci\u00f2 che accade ai vostri dati personali quando visitate il nostro sito web. I dati personali sono tutti i dati che consentono di identificare personalmente l&#8217;utente. Per informazioni dettagliate sul tema della protezione dei dati, si prega di consultare la nostra dichiarazione sulla protezione dei dati riportata sotto questo testo. Questo pu\u00f2 cambiare di tanto in tanto.<\/p>\n<h3>Raccolta di dati sul nostro sito web<\/h3>\n<p>Chi \u00e8 responsabile della raccolta dei dati su questo sito?<\/p>\n<p>Il trattamento dei dati su questo sito web viene effettuato dal gestore del sito. I suoi dati di contatto sono riportati nell&#8217;imprinting di questo sito.<\/p>\n<h3>Quali dati raccogliamo?<\/h3>\n<p>Da un lato, i vostri dati sono raccolti da voi che ce li fornite. Pu\u00f2 trattarsi, ad esempio, dei dati inseriti dall&#8217;utente in un modulo di contatto.<\/p>\n<p>Altri dati vengono raccolti automaticamente dai nostri sistemi informatici quando visitate il sito web. Si tratta principalmente di dati tecnici (ad es. browser internet, sistema operativo o tempo di visualizzazione della pagina). Questi dati vengono raccolti automaticamente non appena si entra nel nostro sito web.<\/p>\n<h3>Per cosa utilizziamo i vostri dati?<\/h3>\n<p>Una parte dei dati viene raccolta per garantire una fornitura senza errori del sito web. Altri dati possono essere utilizzati per analizzare il comportamento degli utenti.<\/p>\n<h3>Quali diritti avete sui vostri dati?<\/h3>\n<p>Avete il diritto di ricevere gratuitamente in qualsiasi momento informazioni sull&#8217;origine, il destinatario e lo scopo dei vostri dati personali memorizzati. L&#8217;utente ha inoltre il diritto di richiedere la correzione, il blocco o la cancellazione di tali dati. Potete contattarci in qualsiasi momento all&#8217;indirizzo indicato nell&#8217;imprinting per questa e altre domande sul tema della protezione dei dati. Inoltre, avete il diritto di presentare un reclamo all&#8217;autorit\u00e0 di vigilanza competente.<\/p>\n<h3>Strumenti di analisi e strumenti di terze parti<\/h3>\n<p>Quando visitate il nostro sito web, il vostro comportamento di navigazione pu\u00f2 essere valutato statisticamente. Ci\u00f2 avviene principalmente con i cookie e con i cosiddetti programmi di analisi. L&#8217;analisi del vostro comportamento di navigazione \u00e8 solitamente anonima; il comportamento di navigazione non pu\u00f2 essere ricondotto all&#8217;utente. \u00c8 possibile opporsi a questa analisi o impedirla non utilizzando determinati strumenti. Troverete informazioni dettagliate al riguardo nella seguente informativa sulla privacy.<\/p>\n<h2>2 Note generali e informazioni obbligatorie<\/h2>\n<h3>Protezione dei dati<\/h3>\n<p>In qualit\u00e0 di gestore di questo sito, prendiamo molto sul serio la protezione dei vostri dati personali. Trattiamo i vostri dati personali in modo confidenziale e in conformit\u00e0 alle norme di legge sulla protezione dei dati e alla presente dichiarazione sulla protezione dei dati.<\/p>\n<p>Quando si utilizza questo sito web, vengono raccolti diversi dati personali. I dati personali sono dati con i quali \u00e8 possibile identificarvi personalmente. La presente informativa sulla privacy spiega quali dati raccogliamo e per quali scopi li utilizziamo. Spiega inoltre come e a quale scopo ci\u00f2 avviene.<\/p>\n<p>Desideriamo sottolineare che la trasmissione di dati su Internet (ad esempio la comunicazione via e-mail) pu\u00f2 presentare lacune di sicurezza. Non \u00e8 possibile proteggere completamente i dati dall&#8217;accesso di terzi.<\/p>\n<h3>Revoca del consenso al trattamento dei dati<\/h3>\n<p>Molte operazioni di trattamento dei dati sono possibili solo con il vostro esplicito consenso. \u00c8 possibile revocare il consenso gi\u00e0 dato in qualsiasi momento. \u00c8 sufficiente inviare un&#8217;e-mail informale a <a href=\"mailto:info@dehag.com\">info@dehag.com.<\/a> La legalit\u00e0 del trattamento dei dati effettuato fino alla revoca rimane inalterata dalla revoca stessa.<\/p>\n<h3>Diritto di ricorso all&#8217;autorit\u00e0 di vigilanza competente<\/h3>\n<p>In caso di violazione della legge sulla protezione dei dati, l&#8217;interessato ha il diritto di presentare un reclamo all&#8217;autorit\u00e0 di controllo competente. L&#8217;autorit\u00e0 di controllo competente in materia di legge sulla protezione dei dati \u00e8 il Commissario di Stato per la protezione dei dati dello Stato federale in cui ha sede la nostra azienda. L&#8217;elenco dei responsabili della protezione dei dati e i loro dati di contatto sono disponibili al seguente link:<br \/>\n<a href=\"https:\/\/lfd.niedersachsen.de\/\" target=\"_blank\" rel=\"noopener\">https:\/\/lfd.niedersachsen.de\/<\/a><\/p>\n<h3>Diritto alla portabilit\u00e0 dei dati<\/h3>\n<p>Avete il diritto di ottenere che i dati da noi trattati automaticamente sulla base del vostro consenso o in esecuzione di un contratto siano consegnati a voi o a terzi in un formato comune e leggibile a macchina. Se richiedete il trasferimento diretto dei dati a un altro responsabile del trattamento, ci\u00f2 avverr\u00e0 solo nella misura in cui sia tecnicamente possibile.<\/p>\n<p>Inoltre, proteggiamo i nostri siti web e altri sistemi con misure tecniche e organizzative contro la perdita, la distruzione, l&#8217;accesso, la modifica o la distribuzione dei vostri dati da parte di persone non autorizzate.<\/p>\n<h3>Informazioni, blocco, cancellazione<\/h3>\n<p>Nell&#8217;ambito delle disposizioni di legge applicabili, l&#8217;utente ha il diritto di ottenere in qualsiasi momento informazioni gratuite sui propri dati personali memorizzati, sulla loro origine e sul loro destinatario e sullo scopo del trattamento dei dati e, se del caso, il diritto alla correzione, al blocco o alla cancellazione di tali dati. Potete contattarci in qualsiasi momento all&#8217;indirizzo indicato nell&#8217;imprinting a questo scopo e per ulteriori domande sul tema dei dati personali.<\/p>\n<h2>3. responsabile della protezione dei dati<\/h2>\n<p>Responsabile della protezione dei dati richiesto dalla legge<\/p>\n<p>\u00c8 possibile contattare il responsabile della protezione dei dati all&#8217;indirizzo datenschutzbeauftragter@dehag.com per richieste di informazioni sulla protezione dei dati e per far valere i diritti degli interessati indicati di seguito.<\/p>\n<h2>4. raccolta di dati sul nostro sito web<\/h2>\n<p>Le pagine Internet utilizzano in parte i cosiddetti cookie. I cookie non causano alcun danno al computer e non contengono virus. I cookie vengono utilizzati per rendere il nostro sito web pi\u00f9 facile da usare, efficace e sicuro. I cookie sono piccoli file di testo che vengono memorizzati sul computer e salvati dal browser.<\/p>\n<p>La maggior parte dei cookie che utilizziamo sono i cosiddetti &#8220;cookie di sessione&#8221;. Vengono cancellati automaticamente al termine della visita. Altri cookie rimangono memorizzati sul vostro terminale finch\u00e9 non li cancellate. Questi cookie ci permettono di riconoscere il vostro browser alla vostra prossima visita.<\/p>\n<p>Potete impostare il vostro browser in modo da essere informati sull&#8217;impostazione dei cookie e consentire i cookie solo in singoli casi, escludere l&#8217;accettazione dei cookie per determinati casi o in generale e attivare la cancellazione automatica dei cookie alla chiusura del browser. Se i cookie vengono disattivati, la funzionalit\u00e0 di questo sito web potrebbe essere limitata.<\/p>\n<p>I cookie necessari per eseguire il processo di comunicazione elettronica o per fornire determinate funzioni richieste dall&#8217;utente (ad esempio, la funzione del carrello della spesa) vengono memorizzati sulla base dell&#8217;Art. 6 Para. 1 lit. f DSGVO memorizzato. L&#8217;operatore del sito web ha un interesse legittimo a memorizzare i cookie per la fornitura tecnicamente priva di errori e ottimizzata dei propri servizi.<\/p>\n<p>Nella misura in cui vengono memorizzati altri cookie (ad es. cookie per l&#8217;analisi del comportamento di navigazione), questi vengono trattati separatamente nella presente dichiarazione sulla protezione dei dati.<\/p>\n<h3>File di log del server<\/h3>\n<p>Il fornitore delle pagine raccoglie e memorizza automaticamente le informazioni nei cosiddetti file di log del server, che il vostro browser ci trasmette automaticamente. Questi sono:<\/p>\n<ul>\n<li>Tipo e versione del browser<\/li>\n<li>Sistema operativo utilizzato<\/li>\n<li>URL di riferimento<\/li>\n<li>Nome host del computer di accesso<\/li>\n<li>Ora della richiesta del server<\/li>\n<li>Indirizzo IP<\/li>\n<\/ul>\n<p>Questi dati non vengono uniti ad altre fonti di dati.<\/p>\n<p>La base per il trattamento dei dati \u00e8 l&#8217;art. 6 par. 1 lit. f DSGVO, che consente il trattamento dei dati per l&#8217;esecuzione di un contratto o di misure precontrattuali.<\/p>\n<h3>Dati di trattamento (dati dei clienti e dei contratti)<\/h3>\n<p>Raccogliamo, elaboriamo e utilizziamo i dati personali nella misura in cui ci\u00f2 \u00e8 necessario per l&#8217;instaurazione, il contenuto o la modifica del rapporto giuridico, che comprende in particolare i dati anagrafici, i dati di contatto e di comunicazione, i dati anagrafici del contratto (dati di inventario). Ci\u00f2 avviene sulla base dell&#8217;art. 6 para. 1 lit. b DSGVO, che consente il trattamento dei dati per l&#8217;esecuzione di un contratto o di misure precontrattuali. Raccogliamo, elaboriamo e utilizziamo i dati personali relativi all&#8217;utilizzo delle nostre pagine Internet (dati di utilizzo) solo nella misura in cui ci\u00f2 \u00e8 necessario per consentire all&#8217;utente di utilizzare il servizio o per addebitarglielo.<\/p>\n<p>I dati del cliente raccolti saranno cancellati dopo il completamento dell&#8217;ordine o la cessazione del rapporto commerciale. I periodi di conservazione previsti dalla legge rimangono inalterati.<\/p>\n<h2>5. strumenti di analisi e pubblicit\u00e0<\/h2>\n<p>Google Analytics<\/p>\n<p>Questo sito web utilizza le funzioni del servizio di analisi web Google Analytics. Il fornitore \u00e8 Google Inc, 1600 Amphitheatre Parkway, Mountain View, CA 94043, USA.<\/p>\n<p>Google Analytics utilizza i cosiddetti &#8220;cookie&#8221;. Si tratta di file di testo che vengono memorizzati sul vostro computer e che consentono di analizzare l&#8217;utilizzo del sito web da parte vostra. Le informazioni generate dal cookie sull&#8217;utilizzo di questo sito web da parte dell&#8217;utente vengono solitamente trasmesse a un server di Google negli Stati Uniti e l\u00ec memorizzate.<\/p>\n<p>I cookie di Google Analytics vengono memorizzati sulla base dell&#8217;art. 6 par. 1 lit. f GDPR. L&#8217;operatore del sito web ha un interesse legittimo ad analizzare il comportamento degli utenti al fine di ottimizzare il proprio sito web e la propria pubblicit\u00e0.<\/p>\n<h3>Anonimizzazione dell&#8217;IP<\/h3>\n<p>Abbiamo attivato la funzione di anonimizzazione dell&#8217;IP su questo sito web. Ci\u00f2 significa che il vostro indirizzo IP verr\u00e0 abbreviato da Google all&#8217;interno degli Stati membri dell&#8217;Unione Europea o in altri Stati contraenti dell&#8217;Accordo sullo Spazio Economico Europeo prima di essere trasmesso agli USA. Solo in casi eccezionali l&#8217;indirizzo IP completo viene trasferito a un server di Google negli Stati Uniti e l\u00ec abbreviato. Per conto del gestore di questo sito web, Google utilizzer\u00e0 queste informazioni allo scopo di valutare l&#8217;utilizzo del sito web da parte dell&#8217;utente, compilare report sulle attivit\u00e0 del sito web e fornire altri servizi relativi alle attivit\u00e0 del sito web e all&#8217;utilizzo di Internet al gestore del sito web. L&#8217;indirizzo IP trasmesso dal vostro browser nell&#8217;ambito di Google Analytics non viene unito ad altri dati di Google.<\/p>\n<h3>Plugin del browser<\/h3>\n<p>L&#8217;utente pu\u00f2 rifiutare l&#8217;uso dei cookie selezionando l&#8217;impostazione appropriata sul proprio browser, ma si prega di notare che in tal caso potrebbe non essere in grado di utilizzare tutte le funzionalit\u00e0 di questo sito web. Potete anche impedire la raccolta dei dati generati dal cookie e relativi al vostro utilizzo del sito web (compreso il vostro indirizzo IP) a Google e il trattamento di questi dati da parte di Google scaricando e installando il plugin del browser disponibile.<\/p>\n<h2>5. condizioni generali<\/h2>\n<p>La presente Informativa sulla privacy costituisce parte integrante delle nostre Condizioni generali di contratto (CGC).<\/p>\n<h2>6. link a pagine di terzi<\/h2>\n<p>DEHAG utilizza in questo sito web collegamenti alle pagine di terzi. Da un lato, si tratta di link di riferimento che conducono ai partner. Se si fa clic su uno di questi link, si viene reindirizzati alla relativa pagina. Per i gestori del sito web \u00e8 solo apparente il fatto che l&#8217;utente sia entrato nel nostro sito. DEHAG non ha alcuna influenza sul modo in cui essi trattano i vostri dati. Di conseguenza, vi rimandiamo alle dichiarazioni sulla privacy separate di questi siti web.<\/p>\n<p>I collegamenti da questo sito web a un altro (&#8220;hyperlink&#8221;) sono forniti da DEHAG come servizio. Questi siti esterni sono completamente indipendenti e non sono soggetti all&#8217;influenza di DEHAG. DEHAG non si assume pertanto alcuna responsabilit\u00e0 per i contenuti dei siti web di terzi, in particolare per la loro accuratezza, completezza, attualit\u00e0 e legalit\u00e0.<\/p>\n","protected":false},"excerpt":{"rendered":"<p>Informativa sulla privacy Il sito web all&#8217;indirizzo www.dehag.com \u00e8 un&#8217;offerta della: DEHAG Medizin-Technische Produktion GmbH &amp; Co. KG (di seguito: DEHAG), Dietro l&#8217;Hamberge 24 D-37124 Rosdorf rappresentata dall&#8217;amministratore delegato Kai Uwe Lach. Email: info@dehag.com, Telefono: +49 (0)551 &#8211; 32519, Fax: +49 (0)551 &#8211; 376106. DEHAG apprezza la vostra visita al nostro sito web e il vostro interesse per la nostra azienda, i nostri prodotti e servizi. 1. La protezione dei dati in sintesi Note generali Le seguenti note forniscono una semplice panoramica di ci\u00f2 che accade ai vostri dati personali quando visitate il nostro sito web. I dati personali sono [&hellip;]<\/p>\n","protected":false},"author":1,"featured_media":0,"parent":0,"menu_order":0,"comment_status":"closed","ping_status":"open","template":"","meta":{"_seopress_robots_primary_cat":"","_seopress_titles_title":"","_seopress_titles_desc":"","_seopress_robots_index":"","footnotes":""},"_links":{"self":[{"href":"https:\/\/dehag.com\/it\/wp-json\/wp\/v2\/pages\/1406"}],"collection":[{"href":"https:\/\/dehag.com\/it\/wp-json\/wp\/v2\/pages"}],"about":[{"href":"https:\/\/dehag.com\/it\/wp-json\/wp\/v2\/types\/page"}],"author":[{"embeddable":true,"href":"https:\/\/dehag.com\/it\/wp-json\/wp\/v2\/users\/1"}],"replies":[{"embeddable":true,"href":"https:\/\/dehag.com\/it\/wp-json\/wp\/v2\/comments?post=1406"}],"version-history":[{"count":11,"href":"https:\/\/dehag.com\/it\/wp-json\/wp\/v2\/pages\/1406\/revisions"}],"predecessor-version":[{"id":3550,"href":"https:\/\/dehag.com\/it\/wp-json\/wp\/v2\/pages\/1406\/revisions\/3550"}],"wp:attachment":[{"href":"https:\/\/dehag.com\/it\/wp-json\/wp\/v2\/media?parent=1406"}],"curies":[{"name":"wp","href":"https:\/\/api.w.org\/{rel}","templated":true}]}}