{"id":1072,"date":"2023-05-22T17:12:30","date_gmt":"2023-05-22T15:12:30","guid":{"rendered":"https:\/\/dehag.com\/typ-522\/"},"modified":"2024-06-24T11:07:58","modified_gmt":"2024-06-24T09:07:58","slug":"typ-522","status":"publish","type":"page","link":"https:\/\/dehag.com\/it\/occhiali-per-il-nistagmo\/typ-522\/","title":{"rendered":"Tipo 522"},"content":{"rendered":"<div class=\"content-grid\">\n<div class=\"content-pic\"><img loading=\"lazy\" decoding=\"async\" class=\"zoooom alignleft wp-image-3786 size-full\" src=\"https:\/\/dehag.com\/wp-content\/uploads\/2024\/03\/522_nystagmusbrille-dehag.jpg\" alt=\"\" width=\"1181\" height=\"851\" srcset=\"https:\/\/dehag.com\/wp-content\/uploads\/2024\/03\/522_nystagmusbrille-dehag.jpg 1181w, https:\/\/dehag.com\/wp-content\/uploads\/2024\/03\/522_nystagmusbrille-dehag-300x216.jpg 300w, https:\/\/dehag.com\/wp-content\/uploads\/2024\/03\/522_nystagmusbrille-dehag-1024x738.jpg 1024w, https:\/\/dehag.com\/wp-content\/uploads\/2024\/03\/522_nystagmusbrille-dehag-768x553.jpg 768w, https:\/\/dehag.com\/wp-content\/uploads\/2024\/03\/522_nystagmusbrille-dehag-600x432.jpg 600w\" sizes=\"(max-width: 1181px) 100vw, 1181px\" \/><\/div>\n<div class=\"zusatztitel\">Occhiali Nystagmus <span class=\"typ\">TIPO 522<\/span><\/div>\n<div class=\"manual-button\"><a href=\"https:\/\/dehag.com\/it\/istruzioni-per-gli-occhiali-per-il-nistagmo-502-522\">Istruzioni per l&#8217;uso<\/a><br \/>\n<a href=\"https:\/\/dehag.com\/wp-content\/uploads\/2024\/06\/DEHAG_522_ital.pdf\" target=\"_blank\" rel=\"noopener\">Scheda prodotto<\/a><\/div>\n<div class=\"slider-choice\">\n<div class=\"allgemein slider-single\"><a class=\"slider_1106_goto1\">Descrizione del prodottog<\/a><\/div>\n<div class=\"lieferumfang slider-single\"><a class=\"slider_1106_goto2\">Ambito di consegna<\/a><\/div>\n<div class=\"produktdetails slider-single\"><a class=\"slider_1106_goto3\">Accessori e ricambi<\/a><\/div>\n<\/p><\/div>\n<div class=\"slider-content\"><div class='white' style='background:rgba(0,0,0,0); border:solid 0px rgba(0,0,0,0); border-radius:0px; padding:0px 0px 0px 0px;'>\n<div id='slider_1106' class='owl-carousel sa_owl_theme autohide-arrows' data-slider-id='slider_1106' style='visibility:hidden;'>\n<div id='slider_1106_slide01' class='sa_hover_container' style='padding:5% 5%; margin:0px 0%; '><p>I nostri affidabili e comprovati occhiali per nistagmo tipo 522 secondo il Dr. Blessing per esami a lungo termine con:<\/p>\r\n<ul>\r\n<li>occhiali pieghevoli<\/li>\r\n<li>illuminazione indiretta<\/li>\r\n<li>cavo di collegamento fisso<\/li>\r\n<li>Fascia per capelli con clip<\/li>\r\n<\/ul>\r\n\r\n<p>Secondo il Dr. Blessing, l'illuminazione degli occhiali per nistagmo \u00e8 indiretta, in modo che non si verifichino riflessi di luce che portino a una fissazione dello sguardo indesiderata e inibitrice del nistagmo per il paziente. Poich\u00e9 l'illuminazione diretta dell'occhio \u00e8 impedita dalla schermatura delle lampadine, non si verifica l'immagine della vena di PURKINJE, che pu\u00f2 innescare un \"nistagmo da occhiali da luce\" casuale attraverso i suoi movimenti, in modo da escludere risultati nistagmici falsi positivi.<\/p>\r\n<p>L'esame luminescente vero e proprio si svolge in una stanza buia o fortemente oscurata. L'illuminazione interna degli occhiali interrompe il contatto ottico del paziente con l'ambiente circostante (eliminazione della fissazione che inibisce il nistagmo). Allo stesso tempo, gli occhi luminosi sono particolarmente facili da osservare sotto le lenti d'ingrandimento. In molti casi, \u00e8 possibile rilevare processi nistagmici patologici quando si guarda dritto davanti a s\u00e9, che non sono riconoscibili o non lo sono in modo affidabile senza occhiali, anche quando si guarda lateralmente.<\/p>\r\n<p>Con le lenti aperte e l'illuminazione della stanza accesa, \u00e8 possibile l'osservazione degli occhi con fissazione preservata, ad esempio con la tecnica Hallpike del test termico. Spegnendo l'illuminazione della stanza e ripiegando le lenti, \u00e8 possibile passare rapidamente all'esame luminoso vero e proprio con la fissazione disattivata.<\/p>\r\n<p>L'alimentazione degli occhiali da nistagmo \u00e8 fornita dalla batteria DEHAG tipo 504 o dall'alimentatore a spina tipo 506 (entrambi non inclusi). Il portabatterie DEHAG funziona con tre batterie C LR14\/AM-2 (baby cell) da 1,5 volt ciascuna. L'impugnatura regolabile della batteria consente di regolare l'intensit\u00e0 della luce individualmente con una leggera rotazione dell'interruttore. L'alimentatore a spina viene collegato tramite una presa di corrente domestica standard (100-240V\/AC, 50\/60Hz).<\/p>\r\n<p>Gli occhiali da nistagmo tipo 522 di Blessing funzionano con due lampade da 4 volt, reperibili presso i rivenditori di articoli medicali.<\/p><\/div>\n<div id='slider_1106_slide02' class='sa_hover_container' style='padding:5% 5%; margin:0px 0%; '><p>La fornitura degli occhiali per nistagmo comprende:<\/p>\r\n<div class=\"prod-grid\">\r\n<div class=\"prod-pic\"><img loading=\"lazy\" decoding=\"async\" class=\"alignleft wp-image-1279 size-medium\" src=\"https:\/\/dehag.com\/wp-content\/uploads\/2023\/05\/522_Nystagmusbrille_Typ-522_10x10cm-300x300.jpg\" alt=\"\" width=\"300\" height=\"300\" srcset=\"https:\/\/dehag.com\/wp-content\/uploads\/2023\/05\/522_Nystagmusbrille_Typ-522_10x10cm-300x300.jpg 300w, https:\/\/dehag.com\/wp-content\/uploads\/2023\/05\/522_Nystagmusbrille_Typ-522_10x10cm-1024x1024.jpg 1024w, https:\/\/dehag.com\/wp-content\/uploads\/2023\/05\/522_Nystagmusbrille_Typ-522_10x10cm-150x150.jpg 150w, https:\/\/dehag.com\/wp-content\/uploads\/2023\/05\/522_Nystagmusbrille_Typ-522_10x10cm-768x768.jpg 768w, https:\/\/dehag.com\/wp-content\/uploads\/2023\/05\/522_Nystagmusbrille_Typ-522_10x10cm-600x600.jpg 600w, https:\/\/dehag.com\/wp-content\/uploads\/2023\/05\/522_Nystagmusbrille_Typ-522_10x10cm.jpg 1181w\" sizes=\"(max-width: 300px) 100vw, 300px\" \/><\/div>\r\n<div class=\"prod-txt\"><strong>1x Occhiali da nistagmo tipo 522<\/strong><\/div>\r\n<\/div>\r\n<div class=\"prod-grid\">\r\n<div class=\"prod-pic\"><img loading=\"lazy\" decoding=\"async\" class=\"alignleft wp-image-1282 size-medium\" src=\"https:\/\/dehag.com\/wp-content\/uploads\/2023\/05\/522_Clip-Kopfband-58.21.01_10x10cm-300x300.jpg\" alt=\"\" width=\"300\" height=\"300\" srcset=\"https:\/\/dehag.com\/wp-content\/uploads\/2023\/05\/522_Clip-Kopfband-58.21.01_10x10cm-300x300.jpg 300w, https:\/\/dehag.com\/wp-content\/uploads\/2023\/05\/522_Clip-Kopfband-58.21.01_10x10cm-1024x1024.jpg 1024w, https:\/\/dehag.com\/wp-content\/uploads\/2023\/05\/522_Clip-Kopfband-58.21.01_10x10cm-150x150.jpg 150w, https:\/\/dehag.com\/wp-content\/uploads\/2023\/05\/522_Clip-Kopfband-58.21.01_10x10cm-768x768.jpg 768w, https:\/\/dehag.com\/wp-content\/uploads\/2023\/05\/522_Clip-Kopfband-58.21.01_10x10cm-600x600.jpg 600w, https:\/\/dehag.com\/wp-content\/uploads\/2023\/05\/522_Clip-Kopfband-58.21.01_10x10cm.jpg 1181w\" sizes=\"(max-width: 300px) 100vw, 300px\" \/><\/div>\r\n<div class=\"prod-txt\"><strong>1x archetto a clip tipo 58.01.01<\/strong><br \/>Il copricapo a clip garantisce un fissaggio sicuro degli occhiali da nistagmo davanti agli occhi del paziente.<\/div>\r\n<\/div>\r\n<\/div>\n<div id='slider_1106_slide03' class='sa_hover_container' style='padding:5% 5%; margin:0px 0%; '><p><strong>Accessori necessari:<\/strong><\/p>\r\n<div class=\"prod-grid\">\r\n<div class=\"prod-pic\"><img loading=\"lazy\" decoding=\"async\" class=\"alignleft wp-image-1267 size-medium\" src=\"https:\/\/dehag.com\/wp-content\/uploads\/2023\/05\/703_Batteriegehaeuse-504_10x10cm-300x300.jpg\" alt=\"\" width=\"300\" height=\"300\" srcset=\"https:\/\/dehag.com\/wp-content\/uploads\/2023\/05\/703_Batteriegehaeuse-504_10x10cm-300x300.jpg 300w, https:\/\/dehag.com\/wp-content\/uploads\/2023\/05\/703_Batteriegehaeuse-504_10x10cm-1024x1024.jpg 1024w, https:\/\/dehag.com\/wp-content\/uploads\/2023\/05\/703_Batteriegehaeuse-504_10x10cm-150x150.jpg 150w, https:\/\/dehag.com\/wp-content\/uploads\/2023\/05\/703_Batteriegehaeuse-504_10x10cm-768x768.jpg 768w, https:\/\/dehag.com\/wp-content\/uploads\/2023\/05\/703_Batteriegehaeuse-504_10x10cm-600x600.jpg 600w, https:\/\/dehag.com\/wp-content\/uploads\/2023\/05\/703_Batteriegehaeuse-504_10x10cm.jpg 1181w\" sizes=\"(max-width: 300px) 100vw, 300px\" \/><\/div>\r\n<div class=\"prod-txt\"><strong>Alloggiamento per batteria DEHAG tipo 504<\/strong><br \/>L'alloggiamento della batteria DEHAG viene utilizzato per alimentare gli occhiali da nistagmo e consente un lavoro regolabile e indipendente dalla rete elettrica nell'uso mobile.<\/div>\r\n<\/div>\r\n<div class=\"prod-grid\">\r\n<div class=\"prod-pic\"><img loading=\"lazy\" decoding=\"async\" class=\"alignleft wp-image-1326 size-medium\" src=\"https:\/\/dehag.com\/wp-content\/uploads\/2023\/05\/501_Stecker-Netzteil-506_10x10cm-300x300.jpg\" alt=\"\" width=\"300\" height=\"300\" srcset=\"https:\/\/dehag.com\/wp-content\/uploads\/2023\/05\/501_Stecker-Netzteil-506_10x10cm-300x300.jpg 300w, https:\/\/dehag.com\/wp-content\/uploads\/2023\/05\/501_Stecker-Netzteil-506_10x10cm-1024x1024.jpg 1024w, https:\/\/dehag.com\/wp-content\/uploads\/2023\/05\/501_Stecker-Netzteil-506_10x10cm-150x150.jpg 150w, https:\/\/dehag.com\/wp-content\/uploads\/2023\/05\/501_Stecker-Netzteil-506_10x10cm-768x768.jpg 768w, https:\/\/dehag.com\/wp-content\/uploads\/2023\/05\/501_Stecker-Netzteil-506_10x10cm-600x600.jpg 600w, https:\/\/dehag.com\/wp-content\/uploads\/2023\/05\/501_Stecker-Netzteil-506_10x10cm.jpg 1181w\" sizes=\"(max-width: 300px) 100vw, 300px\" \/><\/div>\r\n<div class=\"prod-txt\"><strong>Alimentatore a spina tipo 506<\/strong><br \/>L'alimentatore a spina viene utilizzato per alimentare gli occhiali da nistagmo con una tensione di uscita di 4 V CC.<\/div>\r\n<\/div>\r\n<p><strong>Parti di ricambio<\/strong><\/p>\r\n<div class=\"prod-grid\">\r\n<div class=\"prod-pic\"><img loading=\"lazy\" decoding=\"async\" class=\"alignleft wp-image-1244 size-medium\" src=\"https:\/\/dehag.com\/wp-content\/uploads\/2023\/05\/723_Ersatzlampe-Typ-507_10x10cm-300x300.jpg\" alt=\"\" width=\"300\" height=\"300\" srcset=\"https:\/\/dehag.com\/wp-content\/uploads\/2023\/05\/723_Ersatzlampe-Typ-507_10x10cm-300x300.jpg 300w, https:\/\/dehag.com\/wp-content\/uploads\/2023\/05\/723_Ersatzlampe-Typ-507_10x10cm-1024x1024.jpg 1024w, https:\/\/dehag.com\/wp-content\/uploads\/2023\/05\/723_Ersatzlampe-Typ-507_10x10cm-150x150.jpg 150w, https:\/\/dehag.com\/wp-content\/uploads\/2023\/05\/723_Ersatzlampe-Typ-507_10x10cm-768x768.jpg 768w, https:\/\/dehag.com\/wp-content\/uploads\/2023\/05\/723_Ersatzlampe-Typ-507_10x10cm-600x600.jpg 600w, https:\/\/dehag.com\/wp-content\/uploads\/2023\/05\/723_Ersatzlampe-Typ-507_10x10cm.jpg 1181w\" sizes=\"(max-width: 300px) 100vw, 300px\" \/><\/div>\r\n<div class=\"prod-txt\"><strong>Lampada di ricambio tipo 507<\/strong><br \/>L'occhiale da nistagmo tipo 522 \u00e8 alimentato da due lampadine di ricambio da 4 volt; 0,23 amp; 1 watt (diametro della filettatura 3,5 mm x 0,35 mm).<\/div>\r\n<\/div>\r\n<div class=\"prod-grid\">\r\n<div class=\"prod-pic\"><img loading=\"lazy\" decoding=\"async\" class=\"alignleft wp-image-1247 size-medium\" src=\"https:\/\/dehag.com\/wp-content\/uploads\/2023\/05\/Typ-57.20.02-Abdeckung-Weiss_10x10cm-300x300.jpg\" alt=\"\" width=\"300\" height=\"300\" srcset=\"https:\/\/dehag.com\/wp-content\/uploads\/2023\/05\/Typ-57.20.02-Abdeckung-Weiss_10x10cm-300x300.jpg 300w, https:\/\/dehag.com\/wp-content\/uploads\/2023\/05\/Typ-57.20.02-Abdeckung-Weiss_10x10cm-1024x1024.jpg 1024w, https:\/\/dehag.com\/wp-content\/uploads\/2023\/05\/Typ-57.20.02-Abdeckung-Weiss_10x10cm-150x150.jpg 150w, https:\/\/dehag.com\/wp-content\/uploads\/2023\/05\/Typ-57.20.02-Abdeckung-Weiss_10x10cm-768x768.jpg 768w, https:\/\/dehag.com\/wp-content\/uploads\/2023\/05\/Typ-57.20.02-Abdeckung-Weiss_10x10cm-600x600.jpg 600w, https:\/\/dehag.com\/wp-content\/uploads\/2023\/05\/Typ-57.20.02-Abdeckung-Weiss_10x10cm.jpg 1181w\" sizes=\"(max-width: 300px) 100vw, 300px\" \/><\/div>\r\n<div class=\"prod-txt\"><strong>Tipo di copertura 57.20.02<\/strong><br \/>Il coperchio protegge la lampadina.<\/div>\r\n<\/div><\/div>\n<\/div>\n<\/div>\n<script type='text\/javascript'>\n\tjQuery(document).ready(function() {\n\t\tjQuery('#slider_1106').owlCarousel({\n\t\t\titems : 1,\n\t\t\tsmartSpeed : 500,\n\t\t\tautoplay : false,\n\t\t\tautoplayHoverPause : false,\n\t\t\tsmartSpeed : 500,\n\t\t\tfluidSpeed : 500,\n\t\t\tautoplaySpeed : 500,\n\t\t\tnavSpeed : 500,\n\t\t\tdotsSpeed : 500,\n\t\t\tloop : false,\n\t\t\tnav : false,\n\t\t\tnavText : ['Previous','Next'],\n\t\t\tdots : false,\n\t\t\tresponsiveRefreshRate : 200,\n\t\t\tslideBy : 1,\n\t\t\tmergeFit : true,\n\t\t\tautoHeight : false,\n\t\t\tmouseDrag : true,\n\t\t\ttouchDrag : true\n\t\t});\n\t\tjQuery('#slider_1106').css('visibility', 'visible');\n\t\tsa_resize_slider_1106();\n\t\twindow.addEventListener('resize', sa_resize_slider_1106);\n\t\tfunction sa_resize_slider_1106() {\n\t\t\tvar min_height = '50';\n\t\t\tvar win_width = jQuery(window).width();\n\t\t\tvar slider_width = jQuery('#slider_1106').width();\n\t\t\tif (win_width < 480) {\n\t\t\t\tvar slide_width = slider_width \/ 1;\n\t\t\t} else if (win_width < 768) {\n\t\t\t\tvar slide_width = slider_width \/ 1;\n\t\t\t} else if (win_width < 980) {\n\t\t\t\tvar slide_width = slider_width \/ 1;\n\t\t\t} else if (win_width < 1200) {\n\t\t\t\tvar slide_width = slider_width \/ 1;\n\t\t\t} else if (win_width < 1500) {\n\t\t\t\tvar slide_width = slider_width \/ 1;\n\t\t\t} else {\n\t\t\t\tvar slide_width = slider_width \/ 1;\n\t\t\t}\n\t\t\tslide_width = Math.round(slide_width);\n\t\t\tvar slide_height = '0';\n\t\t\tif (min_height == 'aspect43') {\n\t\t\t\tslide_height = (slide_width \/ 4) * 3;\t\t\t\tslide_height = Math.round(slide_height);\n\t\t\t} else if (min_height == 'aspect169') {\n\t\t\t\tslide_height = (slide_width \/ 16) * 9;\t\t\t\tslide_height = Math.round(slide_height);\n\t\t\t} else {\n\t\t\t\tslide_height = (slide_width \/ 100) * min_height;\t\t\t\tslide_height = Math.round(slide_height);\n\t\t\t}\n\t\t\tjQuery('#slider_1106 .owl-item .sa_hover_container').css('min-height', slide_height+'px');\n\t\t}\n\t\tvar owl_goto = jQuery('#slider_1106');\n\t\tjQuery('.slider_1106_goto1').click(function(event){\n\t\t\towl_goto.trigger('to.owl.carousel', 0);\n\t\t});\n\t\tjQuery('.slider_1106_goto2').click(function(event){\n\t\t\towl_goto.trigger('to.owl.carousel', 1);\n\t\t});\n\t\tjQuery('.slider_1106_goto3').click(function(event){\n\t\t\towl_goto.trigger('to.owl.carousel', 2);\n\t\t});\n\t\tvar resize_1106 = jQuery('.owl-carousel');\n\t\tresize_1106.on('initialized.owl.carousel', function(e) {\n\t\t\tif (typeof(Event) === 'function') {\n\t\t\t\twindow.dispatchEvent(new Event('resize'));\n\t\t\t} else {\n\t\t\t\tvar evt = window.document.createEvent('UIEvents');\n\t\t\t\tevt.initUIEvent('resize', true, false, window, 0);\n\t\t\t\twindow.dispatchEvent(evt);\n\t\t\t}\n\t\t});\n\t});\n<\/script>\n<\/div>\n<\/div>\n","protected":false},"excerpt":{"rendered":"<p>Occhiali Nystagmus TIPO 522 Istruzioni per l&#8217;uso Scheda prodotto Descrizione del prodottog Ambito di consegna Accessori e ricambi<\/p>\n","protected":false},"author":1,"featured_media":0,"parent":491,"menu_order":0,"comment_status":"closed","ping_status":"closed","template":"","meta":{"_seopress_robots_primary_cat":"","_seopress_titles_title":"","_seopress_titles_desc":"","_seopress_robots_index":"","footnotes":""},"_links":{"self":[{"href":"https:\/\/dehag.com\/it\/wp-json\/wp\/v2\/pages\/1072"}],"collection":[{"href":"https:\/\/dehag.com\/it\/wp-json\/wp\/v2\/pages"}],"about":[{"href":"https:\/\/dehag.com\/it\/wp-json\/wp\/v2\/types\/page"}],"author":[{"embeddable":true,"href":"https:\/\/dehag.com\/it\/wp-json\/wp\/v2\/users\/1"}],"replies":[{"embeddable":true,"href":"https:\/\/dehag.com\/it\/wp-json\/wp\/v2\/comments?post=1072"}],"version-history":[{"count":20,"href":"https:\/\/dehag.com\/it\/wp-json\/wp\/v2\/pages\/1072\/revisions"}],"predecessor-version":[{"id":4095,"href":"https:\/\/dehag.com\/it\/wp-json\/wp\/v2\/pages\/1072\/revisions\/4095"}],"up":[{"embeddable":true,"href":"https:\/\/dehag.com\/it\/wp-json\/wp\/v2\/pages\/491"}],"wp:attachment":[{"href":"https:\/\/dehag.com\/it\/wp-json\/wp\/v2\/media?parent=1072"}],"curies":[{"name":"wp","href":"https:\/\/api.w.org\/{rel}","templated":true}]}}