{"id":1057,"date":"2023-05-22T17:10:07","date_gmt":"2023-05-22T15:10:07","guid":{"rendered":"https:\/\/dehag.com\/1057-2\/"},"modified":"2024-06-24T11:10:23","modified_gmt":"2024-06-24T09:10:23","slug":"typ-503","status":"publish","type":"page","link":"https:\/\/dehag.com\/it\/occhiali-per-il-nistagmo\/typ-503\/","title":{"rendered":"Tipo 503"},"content":{"rendered":"<div class=\"content-grid\">\n<div class=\"content-pic\"><img loading=\"lazy\" decoding=\"async\" class=\"zoooom alignleft wp-image-3780 size-full\" src=\"https:\/\/dehag.com\/wp-content\/uploads\/2024\/03\/503_nystagmusbrille-dehag.jpg\" alt=\"\" width=\"1181\" height=\"851\" srcset=\"https:\/\/dehag.com\/wp-content\/uploads\/2024\/03\/503_nystagmusbrille-dehag.jpg 1181w, https:\/\/dehag.com\/wp-content\/uploads\/2024\/03\/503_nystagmusbrille-dehag-300x216.jpg 300w, https:\/\/dehag.com\/wp-content\/uploads\/2024\/03\/503_nystagmusbrille-dehag-1024x738.jpg 1024w, https:\/\/dehag.com\/wp-content\/uploads\/2024\/03\/503_nystagmusbrille-dehag-768x553.jpg 768w, https:\/\/dehag.com\/wp-content\/uploads\/2024\/03\/503_nystagmusbrille-dehag-600x432.jpg 600w\" sizes=\"(max-width: 1181px) 100vw, 1181px\" \/><\/div>\n<div class=\"zusatztitel\">Occhiali Nystagmus <span class=\"typ\">TIPO 503<\/span><\/div>\n<div class=\"manual-button\"><a href=\"https:\/\/dehag.com\/it\/istruzioni-per-gli-occhiali-per-il-nistagmo-503-523\">Istruzioni per l&#8217;uso<\/a><br \/>\n<a href=\"https:\/\/dehag.com\/wp-content\/uploads\/2024\/06\/DEHAG_503_ital.pdf\" target=\"_blank\" rel=\"noopener\">Scheda prodotto<\/a><\/div>\n<div class=\"slider-choice\">\n<div class=\"allgemein slider-single\"><a class=\"slider_1099_goto1\">Descrizione del prodottog<\/a><\/div>\n<div class=\"lieferumfang slider-single\"><a class=\"slider_1099_goto2\">Ambito di consegna<\/a><\/div>\n<div class=\"produktdetails slider-single\"><a class=\"slider_1099_goto3\">Accessori e ricambi<\/a><\/div>\n<\/p><\/div>\n<div class=\"slider-content\"><div class='white' style='background:rgba(0,0,0,0); border:solid 0px rgba(0,0,0,0); border-radius:0px; padding:0px 0px 0px 0px;'>\n<div id='slider_1099' class='owl-carousel sa_owl_theme autohide-arrows' data-slider-id='slider_1099' style='visibility:hidden;'>\n<div id='slider_1099_slide01' class='sa_hover_container' style='padding:5% 5%; margin:0px 0%; '>I nostri affidabili e collaudati occhiali per nistagmo tipo 503 secondo il Prof.Frenzel per esami di breve durata, in uso mobile con:\r\n<ul>\r\n<li>occhiali solidi<\/li>\r\n<li>illuminazione diretta<\/li>\r\n<li>Impugnatura della batteria regolabile<\/li>\r\n<\/ul>\r\n\r\n<p>L'esame luminescente vero e proprio si svolge in una stanza buia o fortemente oscurata. L'illuminazione interna degli occhiali interrompe il contatto ottico del paziente con l'ambiente circostante (eliminazione della fissazione che inibisce il nistagmo). Allo stesso tempo, gli occhi luminosi sono particolarmente facili da osservare sotto le lenti d'ingrandimento. In molti casi, \u00e8 possibile rilevare processi nistagmici patologici quando si guarda dritto davanti a s\u00e9, che non sono riconoscibili o non lo sono in modo affidabile senza occhiali, anche quando si guarda lateralmente.<\/p>\r\n<p>Questo modello consente il funzionamento senza fili e pu\u00f2 essere utilizzato indipendentemente dalla rete elettrica. L'alimentazione degli occhiali da nistagmo \u00e8 fornita dall'impugnatura regolabile per le batterie, che \u00e8 montata saldamente sulla parte superiore e serve a contenere tre batterie LR14\/AM-2 di dimensioni C (baby cell) da 1,5 volt ciascuna. (Le batterie non sono incluse nella fornitura!). L'impugnatura regolabile della batteria consente di regolare l'intensit\u00e0 della luce individualmente con una leggera rotazione dell'interruttore. Gli occhiali da nistagmo tipo 503 di Frenzel funzionano con due lampade da 4 volt, reperibili presso i rivenditori di materiale medico.<\/p>\r\n<p><strong>Vista dettagliata dell'impugnatura regolabile della batteria<\/strong><\/p>\r\n<div class=\"prod-grid\">\r\n<div class=\"prod-pic\"><img loading=\"lazy\" decoding=\"async\" class=\"alignleft wp-image-1312 size-medium\" src=\"https:\/\/dehag.com\/wp-content\/uploads\/2023\/05\/503_Regelbarer_Batteriegriff_10x10cm-300x300.jpg\" alt=\"\" width=\"300\" height=\"300\" srcset=\"https:\/\/dehag.com\/wp-content\/uploads\/2023\/05\/503_Regelbarer_Batteriegriff_10x10cm-300x300.jpg 300w, https:\/\/dehag.com\/wp-content\/uploads\/2023\/05\/503_Regelbarer_Batteriegriff_10x10cm-1024x1024.jpg 1024w, https:\/\/dehag.com\/wp-content\/uploads\/2023\/05\/503_Regelbarer_Batteriegriff_10x10cm-150x150.jpg 150w, https:\/\/dehag.com\/wp-content\/uploads\/2023\/05\/503_Regelbarer_Batteriegriff_10x10cm-768x768.jpg 768w, https:\/\/dehag.com\/wp-content\/uploads\/2023\/05\/503_Regelbarer_Batteriegriff_10x10cm-600x600.jpg 600w, https:\/\/dehag.com\/wp-content\/uploads\/2023\/05\/503_Regelbarer_Batteriegriff_10x10cm.jpg 1181w\" sizes=\"(max-width: 300px) 100vw, 300px\" \/><\/div>\r\n<div class=\"prod-txt\">Con l'impugnatura regolabile della batteria, l'intensit\u00e0 luminosa pu\u00f2 essere regolata individualmente on una leggera rotazione dell'interruttore.<\/div>\r\n<\/div><\/div>\n<div id='slider_1099_slide02' class='sa_hover_container' style='padding:5% 5%; margin:0px 0%; '>La fornitura degli occhiali per nistagmo comprende:\r\n<div class=\"prod-grid\">\r\n<div class=\"prod-pic\"><img loading=\"lazy\" decoding=\"async\" class=\"alignleft wp-image-1307 size-medium\" src=\"https:\/\/dehag.com\/wp-content\/uploads\/2023\/05\/503_Nystagmusbrille_Typ-503_10x10cm-300x300.jpg\" alt=\"\" width=\"300\" height=\"300\" srcset=\"https:\/\/dehag.com\/wp-content\/uploads\/2023\/05\/503_Nystagmusbrille_Typ-503_10x10cm-300x300.jpg 300w, https:\/\/dehag.com\/wp-content\/uploads\/2023\/05\/503_Nystagmusbrille_Typ-503_10x10cm-1024x1024.jpg 1024w, https:\/\/dehag.com\/wp-content\/uploads\/2023\/05\/503_Nystagmusbrille_Typ-503_10x10cm-150x150.jpg 150w, https:\/\/dehag.com\/wp-content\/uploads\/2023\/05\/503_Nystagmusbrille_Typ-503_10x10cm-768x768.jpg 768w, https:\/\/dehag.com\/wp-content\/uploads\/2023\/05\/503_Nystagmusbrille_Typ-503_10x10cm-600x600.jpg 600w, https:\/\/dehag.com\/wp-content\/uploads\/2023\/05\/503_Nystagmusbrille_Typ-503_10x10cm.jpg 1181w\" sizes=\"(max-width: 300px) 100vw, 300px\" \/><\/div>\r\n<div class=\"prod-txt\"><strong>1x Occhiali per nistagmo tipo 503<\/strong><\/div>\r\n<\/div>\r\n\r\n<\/div>\n<div id='slider_1099_slide03' class='sa_hover_container' style='padding:5% 5%; margin:0px 0%; '><strong>Parti di ricambio<\/strong>\r\n<div class=\"prod-grid\">\r\n<div class=\"prod-pic\"><img loading=\"lazy\" decoding=\"async\" class=\"alignleft wp-image-1244 size-medium\" src=\"https:\/\/dehag.com\/wp-content\/uploads\/2023\/05\/723_Ersatzlampe-Typ-507_10x10cm-300x300.jpg\" alt=\"\" width=\"300\" height=\"300\" srcset=\"https:\/\/dehag.com\/wp-content\/uploads\/2023\/05\/723_Ersatzlampe-Typ-507_10x10cm-300x300.jpg 300w, https:\/\/dehag.com\/wp-content\/uploads\/2023\/05\/723_Ersatzlampe-Typ-507_10x10cm-1024x1024.jpg 1024w, https:\/\/dehag.com\/wp-content\/uploads\/2023\/05\/723_Ersatzlampe-Typ-507_10x10cm-150x150.jpg 150w, https:\/\/dehag.com\/wp-content\/uploads\/2023\/05\/723_Ersatzlampe-Typ-507_10x10cm-768x768.jpg 768w, https:\/\/dehag.com\/wp-content\/uploads\/2023\/05\/723_Ersatzlampe-Typ-507_10x10cm-600x600.jpg 600w, https:\/\/dehag.com\/wp-content\/uploads\/2023\/05\/723_Ersatzlampe-Typ-507_10x10cm.jpg 1181w\" sizes=\"(max-width: 300px) 100vw, 300px\" \/><\/div>\r\n<div class=\"prod-txt\"><strong>Lampada di ricambio tipo 507<\/strong>\r\nL'occhiale per nistagmo tipo 503 \u00e8 alimentato da due lampadine da 4 volt; 0,23 amp; 1 watt (diametro della filettatura 3,5 mm x 0,35 mm).<\/div>\r\n<\/div>\r\n<div class=\"prod-grid\">\r\n<div class=\"prod-pic\"><img loading=\"lazy\" decoding=\"async\" class=\"alignleft wp-image-1270 size-medium\" src=\"https:\/\/dehag.com\/wp-content\/uploads\/2023\/05\/57.00.02-Abdeckung-schwarz_10x10cm-300x300.jpg\" alt=\"\" width=\"300\" height=\"300\" srcset=\"https:\/\/dehag.com\/wp-content\/uploads\/2023\/05\/57.00.02-Abdeckung-schwarz_10x10cm-300x300.jpg 300w, https:\/\/dehag.com\/wp-content\/uploads\/2023\/05\/57.00.02-Abdeckung-schwarz_10x10cm-1024x1024.jpg 1024w, https:\/\/dehag.com\/wp-content\/uploads\/2023\/05\/57.00.02-Abdeckung-schwarz_10x10cm-150x150.jpg 150w, https:\/\/dehag.com\/wp-content\/uploads\/2023\/05\/57.00.02-Abdeckung-schwarz_10x10cm-768x768.jpg 768w, https:\/\/dehag.com\/wp-content\/uploads\/2023\/05\/57.00.02-Abdeckung-schwarz_10x10cm-600x600.jpg 600w, https:\/\/dehag.com\/wp-content\/uploads\/2023\/05\/57.00.02-Abdeckung-schwarz_10x10cm.jpg 1181w\" sizes=\"(max-width: 300px) 100vw, 300px\" \/><\/div>\r\n<div class=\"prod-txt\"><strong>Tipo di copertura 57.00.02<\/strong>\r\nIl coperchio protegge la lampadina.<\/div>\r\n<\/div><\/div>\n<\/div>\n<\/div>\n<script type='text\/javascript'>\n\tjQuery(document).ready(function() {\n\t\tjQuery('#slider_1099').owlCarousel({\n\t\t\titems : 1,\n\t\t\tsmartSpeed : 500,\n\t\t\tautoplay : false,\n\t\t\tautoplayHoverPause : false,\n\t\t\tsmartSpeed : 500,\n\t\t\tfluidSpeed : 500,\n\t\t\tautoplaySpeed : 500,\n\t\t\tnavSpeed : 500,\n\t\t\tdotsSpeed : 500,\n\t\t\tloop : false,\n\t\t\tnav : false,\n\t\t\tnavText : ['Previous','Next'],\n\t\t\tdots : false,\n\t\t\tresponsiveRefreshRate : 200,\n\t\t\tslideBy : 1,\n\t\t\tmergeFit : true,\n\t\t\tautoHeight : false,\n\t\t\tmouseDrag : true,\n\t\t\ttouchDrag : true\n\t\t});\n\t\tjQuery('#slider_1099').css('visibility', 'visible');\n\t\tsa_resize_slider_1099();\n\t\twindow.addEventListener('resize', sa_resize_slider_1099);\n\t\tfunction sa_resize_slider_1099() {\n\t\t\tvar min_height = '50';\n\t\t\tvar win_width = jQuery(window).width();\n\t\t\tvar slider_width = jQuery('#slider_1099').width();\n\t\t\tif (win_width < 480) {\n\t\t\t\tvar slide_width = slider_width \/ 1;\n\t\t\t} else if (win_width < 768) {\n\t\t\t\tvar slide_width = slider_width \/ 1;\n\t\t\t} else if (win_width < 980) {\n\t\t\t\tvar slide_width = slider_width \/ 1;\n\t\t\t} else if (win_width < 1200) {\n\t\t\t\tvar slide_width = slider_width \/ 1;\n\t\t\t} else if (win_width < 1500) {\n\t\t\t\tvar slide_width = slider_width \/ 1;\n\t\t\t} else {\n\t\t\t\tvar slide_width = slider_width \/ 1;\n\t\t\t}\n\t\t\tslide_width = Math.round(slide_width);\n\t\t\tvar slide_height = '0';\n\t\t\tif (min_height == 'aspect43') {\n\t\t\t\tslide_height = (slide_width \/ 4) * 3;\t\t\t\tslide_height = Math.round(slide_height);\n\t\t\t} else if (min_height == 'aspect169') {\n\t\t\t\tslide_height = (slide_width \/ 16) * 9;\t\t\t\tslide_height = Math.round(slide_height);\n\t\t\t} else {\n\t\t\t\tslide_height = (slide_width \/ 100) * min_height;\t\t\t\tslide_height = Math.round(slide_height);\n\t\t\t}\n\t\t\tjQuery('#slider_1099 .owl-item .sa_hover_container').css('min-height', slide_height+'px');\n\t\t}\n\t\tvar owl_goto = jQuery('#slider_1099');\n\t\tjQuery('.slider_1099_goto1').click(function(event){\n\t\t\towl_goto.trigger('to.owl.carousel', 0);\n\t\t});\n\t\tjQuery('.slider_1099_goto2').click(function(event){\n\t\t\towl_goto.trigger('to.owl.carousel', 1);\n\t\t});\n\t\tjQuery('.slider_1099_goto3').click(function(event){\n\t\t\towl_goto.trigger('to.owl.carousel', 2);\n\t\t});\n\t\tvar resize_1099 = jQuery('.owl-carousel');\n\t\tresize_1099.on('initialized.owl.carousel', function(e) {\n\t\t\tif (typeof(Event) === 'function') {\n\t\t\t\twindow.dispatchEvent(new Event('resize'));\n\t\t\t} else {\n\t\t\t\tvar evt = window.document.createEvent('UIEvents');\n\t\t\t\tevt.initUIEvent('resize', true, false, window, 0);\n\t\t\t\twindow.dispatchEvent(evt);\n\t\t\t}\n\t\t});\n\t});\n<\/script>\n<\/div>\n<\/div>\n","protected":false},"excerpt":{"rendered":"<p>Occhiali Nystagmus TIPO 503 Istruzioni per l&#8217;uso Scheda prodotto Descrizione del prodottog Ambito di consegna Accessori e ricambi<\/p>\n","protected":false},"author":1,"featured_media":0,"parent":491,"menu_order":0,"comment_status":"closed","ping_status":"closed","template":"","meta":{"_seopress_robots_primary_cat":"","_seopress_titles_title":"","_seopress_titles_desc":"","_seopress_robots_index":"","footnotes":""},"_links":{"self":[{"href":"https:\/\/dehag.com\/it\/wp-json\/wp\/v2\/pages\/1057"}],"collection":[{"href":"https:\/\/dehag.com\/it\/wp-json\/wp\/v2\/pages"}],"about":[{"href":"https:\/\/dehag.com\/it\/wp-json\/wp\/v2\/types\/page"}],"author":[{"embeddable":true,"href":"https:\/\/dehag.com\/it\/wp-json\/wp\/v2\/users\/1"}],"replies":[{"embeddable":true,"href":"https:\/\/dehag.com\/it\/wp-json\/wp\/v2\/comments?post=1057"}],"version-history":[{"count":15,"href":"https:\/\/dehag.com\/it\/wp-json\/wp\/v2\/pages\/1057\/revisions"}],"predecessor-version":[{"id":4100,"href":"https:\/\/dehag.com\/it\/wp-json\/wp\/v2\/pages\/1057\/revisions\/4100"}],"up":[{"embeddable":true,"href":"https:\/\/dehag.com\/it\/wp-json\/wp\/v2\/pages\/491"}],"wp:attachment":[{"href":"https:\/\/dehag.com\/it\/wp-json\/wp\/v2\/media?parent=1057"}],"curies":[{"name":"wp","href":"https:\/\/api.w.org\/{rel}","templated":true}]}}